{"id":1788,"date":"2024-03-01T15:38:26","date_gmt":"2024-03-01T14:38:26","guid":{"rendered":"https:\/\/www.kontener.net.pl\/?page_id=1788"},"modified":"2024-03-01T15:45:44","modified_gmt":"2024-03-01T14:45:44","slug":"cookie-richtlinie","status":"publish","type":"page","link":"https:\/\/www.kontener.net.pl\/de\/cookie-richtlinie\/","title":{"rendered":"Cookie-Richtlinie"},"content":{"rendered":"<h2>Website container.net.pl<\/h2>\n<p>1.<\/p>\n<p>Der Betreiber der Website container.net.de ist Ger\u00fcstbau Berlin Scaf-Rent-Cont.<br \/>\nDer Betreiber betreibt die Website zur Nutzung durch seine Kunden und potentiellen Kunden (nachfolgend zusammenfassend als Nutzer bezeichnet).<br \/>\n\u00a7 2 Die Website sammelt automatisch Informationen, die in so genannten Cookies (im Folgenden: \"Cookies\") enthalten sind.<\/p>\n<p>\u00a7 (3) Cookies sind Textdateien, die automatisch erstellt und auf dem Endger\u00e4t eines jeden Nutzers gespeichert werden. Sie sind f\u00fcr die Nutzung der Seiten der Website bestimmt. Sie enthalten den Namen der Website, von der sie stammen, ihre eindeutige Nummer und die Zeit, in der sie auf dem Endger\u00e4t gespeichert werden.<\/p>\n<p>\u00a7 4 Der Betreiber ist derjenige, der Cookies auf dem Endger\u00e4t seines Nutzers platziert und Zugang zu ihnen hat.<\/p>\n<p>\u00a7 5 Der Betreiber der Website verwendet Cookies, um:<br \/>\na) Anpassung des Inhalts der Seiten der Website an die individuellen Einstellungen des Nutzers, insbesondere durch Erkennung des Ger\u00e4ts des Dienstnutzers und entsprechende Anzeige der Website gem\u00e4\u00df seinen Pr\u00e4ferenzen;<br \/>\nb) Erstellung anonymer Statistiken, um die Pr\u00e4ferenzen und das Verhalten der Nutzer zu verstehen.<\/p>\n<p>\u00a7 Innerhalb der Website kann der Betreiber zwei Arten von Cookies verwenden - Sitzungscookies und permanente Cookies. \"Sitzungs-Cookies\" sind tempor\u00e4re Dateien, die gespeichert werden, bis Sie die Website verlassen (insbesondere wenn Sie zu einer anderen Website wechseln, sich abmelden oder den Webbrowser ausschalten). \"Permanente\" Cookies werden auf dem Endger\u00e4t des Nutzers gespeichert, bis sie vom Nutzer gel\u00f6scht werden oder f\u00fcr den Zeitraum, der in den Parametern der Cookies angegeben ist.<\/p>\n<p>\u00a7 Der Nutzer kann die Einstellungen seines Browsers unabh\u00e4ngig und jederzeit \u00e4ndern, um Cookies zu blockieren oder jedes Mal informiert zu werden, wenn sie auf seinem Ger\u00e4t abgelegt werden. Diese Option h\u00e4ngt von der Art und Version des vom Nutzer verwendeten Browsers ab.<\/p>\n<p>\u00a7 8. die \u00c4nderung der Cookie-Einstellungen in Ihrem Browser kann den Zugang zu einigen Funktionen der Website einschr\u00e4nken<\/p>\n<p>\u00a7 9 Die von der Website verwendeten Cookies k\u00f6nnen Partnern und kooperierenden Werbetreibenden zur Verf\u00fcgung gestellt werden.<\/p>\n<p>\u00a7 10 Wenn Sie weitere Fragen zu Cookies haben, wenden Sie sich bitte an uns.<\/p>","protected":false},"excerpt":{"rendered":"<p>Strona internetowa kontener.net.pl 1. Operatorem strony internetowej kontener.net.pl jest Ger\u00fcstbau Berlin Scaf-Rent-Cont. Operator prowadzi stron\u0119 internetow\u0105 na u\u017cytek swoich klient\u00f3w i potencjalnych klient\u00f3w (zwanych dalej \u0142\u0105cznie u\u017cytkownikami). \u00a7 2. Strona zbiera w spos\u00f3b automatyczny informacje zawarte w tzw. plikach cookies (zwanych dalej: &#8222;ciasteczkami&#8221;). \u00a7 3. Pliki cookies s\u0105 plikami tekstowymi, kt\u00f3re s\u0105 automatycznie tworzone i [&hellip;]<\/p>","protected":false},"author":1,"featured_media":0,"parent":0,"menu_order":0,"comment_status":"closed","ping_status":"closed","template":"","meta":{"_seopress_robots_primary_cat":"","_seopress_titles_title":"","_seopress_titles_desc":"","_seopress_robots_index":"yes","footnotes":""},"class_list":["post-1788","page","type-page","status-publish"],"_links":{"self":[{"href":"https:\/\/www.kontener.net.pl\/de\/wp-json\/wp\/v2\/pages\/1788","targetHints":{"allow":["GET"]}}],"collection":[{"href":"https:\/\/www.kontener.net.pl\/de\/wp-json\/wp\/v2\/pages"}],"about":[{"href":"https:\/\/www.kontener.net.pl\/de\/wp-json\/wp\/v2\/types\/page"}],"author":[{"embeddable":true,"href":"https:\/\/www.kontener.net.pl\/de\/wp-json\/wp\/v2\/users\/1"}],"replies":[{"embeddable":true,"href":"https:\/\/www.kontener.net.pl\/de\/wp-json\/wp\/v2\/comments?post=1788"}],"version-history":[{"count":0,"href":"https:\/\/www.kontener.net.pl\/de\/wp-json\/wp\/v2\/pages\/1788\/revisions"}],"wp:attachment":[{"href":"https:\/\/www.kontener.net.pl\/de\/wp-json\/wp\/v2\/media?parent=1788"}],"curies":[{"name":"wp","href":"https:\/\/api.w.org\/{rel}","templated":true}]}}