{"id":1779,"date":"2024-03-01T15:16:08","date_gmt":"2024-03-01T14:16:08","guid":{"rendered":"https:\/\/www.kontener.net.pl\/?page_id=1779"},"modified":"2024-03-19T15:31:53","modified_gmt":"2024-03-19T14:31:53","slug":"impressum","status":"publish","type":"page","link":"https:\/\/www.kontener.net.pl\/de\/impressum\/","title":{"rendered":"Impressum"},"content":{"rendered":"<h2 style=\"text-align: center;\">Impressum<\/h2>\n<p style=\"text-align: center;\">Informationen gem\u00e4\u00df \u00a7 5 TMG:<\/p>\n<p style=\"text-align: center;\">M.T. DEVELOPMENT SP\u00d3\u0141KA Z OGRANICZON\u0104 ODPOWIEDZIALNO\u015aCI\u0104<\/p>\n<p style=\"text-align: center;\">3 Weststra\u00dfe<\/p>\n<p style=\"text-align: center;\">69-110 Rzepin<\/p>\n<p style=\"text-align: center;\">Woiwodschaft: Lubuskie Polen\u00a0<\/p>\n<p style=\"text-align: center;\">Polnische Steueridentifikationsnummer:<\/p>\n<p style=\"text-align: center;\">NIP: 5981645146<\/p>\n<p style=\"text-align: center;\">REGON: 383706980<\/p>\n<p style=\"text-align: center;\">Vertreten durch<\/p>\n<p style=\"text-align: center;\">Kontakt:<\/p>\n<p style=\"text-align: center;\">Ger\u00fcstbau Berlin Scaf-Rent-Cont<\/p>\n<p style=\"text-align: center;\">Mobil: 015150842357<\/p>\n<p style=\"text-align: center;\">E-Mail: <a href=\"mailto:info@kontener.net.pl\">info@kontener.net.pl<\/a><\/p>\n<p style=\"text-align: center;\"><strong>Ausschluss der Haftung<\/strong><\/p>\n<p style=\"text-align: center;\"><strong>Verantwortung f\u00fcr den Inhalt<\/strong><\/p>\n<p style=\"text-align: center;\">Die Inhalte unserer Seiten wurden mit gr\u00f6\u00dfter Sorgfalt erstellt. F\u00fcr die Richtigkeit, Vollst\u00e4ndigkeit und Aktualit\u00e4t der Inhalte k\u00f6nnen wir jedoch keine Gew\u00e4hr \u00fcbernehmen. Als Diensteanbieter sind wir gem\u00e4\u00df \u00a7 7 Abs.1 TMG f\u00fcr eigene Inhalte auf diesen Seiten nach den allgemeinen Gesetzen verantwortlich. Nach \u00a7\u00a7 8 bis 10 TMG sind wir als Diensteanbieter jedoch nicht verpflichtet, \u00fcbermittelte oder gespeicherte fremde Informationen zu \u00fcberwachen oder nach Umst\u00e4nden zu forschen, die auf eine rechtswidrige T\u00e4tigkeit hinweisen. Verpflichtungen zur Entfernung oder Sperrung der Nutzung von Informationen nach den allgemeinen Gesetzen bleiben hiervon unber\u00fchrt. Eine diesbez\u00fcgliche Haftung ist jedoch erst ab dem Zeitpunkt der Kenntnis einer konkreten Rechtsverletzung m\u00f6glich. Bei Bekanntwerden von entsprechenden Rechtsverletzungen werden wir diese Inhalte umgehend entfernen.<\/p>\n\n\n<p><\/p>","protected":false},"excerpt":{"rendered":"<p>Impressum Informacje zgodnie z \u00a7 5 TMG: M.T. DEVELOPMENT SP\u00d3\u0141KA Z OGRANICZON\u0104 ODPOWIEDZIALNO\u015aCI\u0104 ul. Zachodnia 3 69-110 Rzepin wojew\u00f3dztwo: Lubuskie Polska\u00a0 Polski numer identyfikacji podatkowej: NIP: 5981645146 REGON: 383706980 Reprezentowany przez Kontakt: Scaffolding Berlin Scaf-Rent-Cont Mobile: 015150842357 E-Mail: info@kontener.net.pl Wy\u0142\u0105czenie odpowiedzialno\u015bci Odpowiedzialno\u015b\u0107 za tre\u015b\u0107 Tre\u015b\u0107 naszej strony internetowej zosta\u0142a stworzona z najwy\u017csz\u0105 staranno\u015bci\u0105. Nie mo\u017cemy [&hellip;]<\/p>","protected":false},"author":1,"featured_media":0,"parent":0,"menu_order":0,"comment_status":"closed","ping_status":"closed","template":"","meta":{"_seopress_robots_primary_cat":"","_seopress_titles_title":"","_seopress_titles_desc":"","_seopress_robots_index":"yes","footnotes":""},"class_list":["post-1779","page","type-page","status-publish"],"_links":{"self":[{"href":"https:\/\/www.kontener.net.pl\/de\/wp-json\/wp\/v2\/pages\/1779","targetHints":{"allow":["GET"]}}],"collection":[{"href":"https:\/\/www.kontener.net.pl\/de\/wp-json\/wp\/v2\/pages"}],"about":[{"href":"https:\/\/www.kontener.net.pl\/de\/wp-json\/wp\/v2\/types\/page"}],"author":[{"embeddable":true,"href":"https:\/\/www.kontener.net.pl\/de\/wp-json\/wp\/v2\/users\/1"}],"replies":[{"embeddable":true,"href":"https:\/\/www.kontener.net.pl\/de\/wp-json\/wp\/v2\/comments?post=1779"}],"version-history":[{"count":0,"href":"https:\/\/www.kontener.net.pl\/de\/wp-json\/wp\/v2\/pages\/1779\/revisions"}],"wp:attachment":[{"href":"https:\/\/www.kontener.net.pl\/de\/wp-json\/wp\/v2\/media?parent=1779"}],"curies":[{"name":"wp","href":"https:\/\/api.w.org\/{rel}","templated":true}]}}