{"id":1563,"date":"2022-03-08T11:22:10","date_gmt":"2022-03-08T10:22:10","guid":{"rendered":"https:\/\/www.kontener.net.pl\/?page_id=1563"},"modified":"2024-03-01T15:19:46","modified_gmt":"2024-03-01T14:19:46","slug":"datenschutzbestimmungen","status":"publish","type":"page","link":"https:\/\/www.kontener.net.pl\/de\/datenschutzbestimmungen\/","title":{"rendered":"Datenschutzbestimmungen"},"content":{"rendered":"<p>Die Datenschutzerkl\u00e4rung bezieht sich auf sogenannte Cookies. Sie bezieht sich auf die Domain <a href=\"https:\/\/www.kontener.net.pl\/de\">www.kontener.net.pl\/<\/a> und alle darin enthaltenen Unterseiten.<\/p>\n<ol>\n<li>Der Begriff \"Cookies\" bezieht sich auf IT-Daten, vor allem Textdateien, die auf den Ger\u00e4ten von Personen gespeichert werden, die die Website besuchen und Funktionen wie das Kontaktformular usw. nutzen. Diese Dateien werden in keiner Weise verwendet, um pers\u00f6nliche Daten \u00fcber die Besucher der Website zu erhalten. Die Verwendung von Cookies kann jederzeit abgeschaltet werden. Wir m\u00f6chten Sie jedoch darauf hinweisen, dass es im Zusammenhang mit der Nutzung der Website zu Problemen kommen kann.<\/li>\n<li>Wozu werden Cookies verwendet?\n<ul>\n<li>korrekte Erkennung des Ger\u00e4ts und Anzeige der an den Betrachter angepassten Seite,<\/li>\n<li>die Erstellung von vollst\u00e4ndig anonymen Statistiken zur Analyse des Website-Verkehrs.<\/li>\n<\/ul>\n<\/li>\n<li>Wie kann ich Cookies deaktivieren? - Um die Optionen zum Speichern und Empfangen von Cookies zu \u00e4ndern, m\u00fcssen Sie die Einstellungen Ihres Browsers \u00e4ndern. Das Verfahren variiert je nach dem von Ihnen verwendeten Programm:\n<ul>\n<li><a href=\"https:\/\/support.mozilla.org\/pl\/kb\/ciasteczka\">Mozilla Firefox<\/a><\/li>\n<li><a href=\"https:\/\/help.opera.com\/pl\/latest\/web-preferences\/#cookies\">Oper<\/a><\/li>\n<li><a href=\"https:\/\/support.google.com\/chrome\/answer\/95647?hl=pl\">Google Chrome<\/a><\/li>\n<li><a href=\"https:\/\/support.microsoft.com\/pl-pl\/topic\/jak-usun%C4%85%C4%87-pliki-cookie-w-programie-internet-explorer-bca9446f-d873-78de-77ba-d42645fa52fc\">Internet Explorer <\/a><\/li>\n<li><a href=\"https:\/\/support.microsoft.com\/pl-pl\/microsoft-edge\/usuwanie-plik%C3%B3w-cookie-w-przegl%C4%85darce-microsoft-edge-63947406-40ac-c3b8-57b9-2a946a29ae09\">Microsoft Edge <\/a><\/li>\n<li><a href=\"https:\/\/support.apple.com\/pl-pl\/HT201265\">Safari<\/a><\/li>\n<\/ul>\n<\/li>\n<\/ol>\n\n\n<p><\/p>","protected":false},"excerpt":{"rendered":"<p>Polityka prywatno\u015bci tyczy si\u0119 tzw. ciasteczek, czyli plik\u00f3w cookie. Odnosi si\u0119 ona do domeny www.kontener.net.pl\/ i wszystkich podstron w niej zawartych. Termin pliki cookies oznacza dane informatyczne, a przede wszystkim tekstowe pliki, kt\u00f3re znajduj\u0105 si\u0119 w urz\u0105dzeniach os\u00f3b przegl\u0105daj\u0105cych serwis oraz korzystaj\u0105cych z funkcji takich jak formularz kontaktowy itp. Pliki te w \u017caden spos\u00f3b nie [&hellip;]<\/p>","protected":false},"author":1,"featured_media":0,"parent":0,"menu_order":0,"comment_status":"closed","ping_status":"closed","template":"","meta":{"_seopress_robots_primary_cat":"","_seopress_titles_title":"","_seopress_titles_desc":"","_seopress_robots_index":"yes","footnotes":""},"class_list":["post-1563","page","type-page","status-publish"],"_links":{"self":[{"href":"https:\/\/www.kontener.net.pl\/de\/wp-json\/wp\/v2\/pages\/1563","targetHints":{"allow":["GET"]}}],"collection":[{"href":"https:\/\/www.kontener.net.pl\/de\/wp-json\/wp\/v2\/pages"}],"about":[{"href":"https:\/\/www.kontener.net.pl\/de\/wp-json\/wp\/v2\/types\/page"}],"author":[{"embeddable":true,"href":"https:\/\/www.kontener.net.pl\/de\/wp-json\/wp\/v2\/users\/1"}],"replies":[{"embeddable":true,"href":"https:\/\/www.kontener.net.pl\/de\/wp-json\/wp\/v2\/comments?post=1563"}],"version-history":[{"count":0,"href":"https:\/\/www.kontener.net.pl\/de\/wp-json\/wp\/v2\/pages\/1563\/revisions"}],"wp:attachment":[{"href":"https:\/\/www.kontener.net.pl\/de\/wp-json\/wp\/v2\/media?parent=1563"}],"curies":[{"name":"wp","href":"https:\/\/api.w.org\/{rel}","templated":true}]}}